{"id":2,"date":"2016-03-30T21:03:42","date_gmt":"2016-03-30T19:03:42","guid":{"rendered":"http:\/\/metallbearbeitung-korn.de\/?page_id=2"},"modified":"2016-05-17T12:56:57","modified_gmt":"2016-05-17T10:56:57","slug":"beispiel-seite","status":"publish","type":"page","link":"https:\/\/metallbearbeitung-korn.de\/","title":{"rendered":"Werkstatt"},"content":{"rendered":"<p><strong>Andreas Korn<\/strong><\/p>\n<p><span style=\"text-decoration: underline;\">B\u00fcro<\/span><\/p>\n<p>Gartenstra\u00dfe 15<\/p>\n<p>99869 Molschleben<\/p>\n<p>&nbsp;<\/p>\n<p><span style=\"text-decoration: underline;\">Werkstatt<\/span><\/p>\n<p>Erfurter Landstra\u00dfe 1 &#8211; 2<\/p>\n<p>OT Grabsleben<\/p>\n<p>99869 Drei Gleichen<\/p>\n<p>&nbsp;<\/p>\n<p>Telefon: +49 173 85 16 028<\/p>\n<p>E-Mail: &#097;&#110;&#100;&#114;&#101;&#097;&#115;&#046;&#107;&#111;&#114;&#110;&#064;&#109;&#101;&#116;&#097;&#108;&#108;&#098;&#101;&#097;&#114;&#098;&#101;&#105;&#116;&#117;&#110;&#103;&#045;&#107;&#111;&#114;&#110;&#046;&#100;&#101;<\/p>\n<p>&nbsp;<\/p>\n","protected":false},"excerpt":{"rendered":"<p class=\"excerpt\">Andreas Korn B\u00fcro Gartenstra\u00dfe 15 99869 Molschleben &nbsp; Werkstatt Erfurter Landstra\u00dfe 1 &#8211; 2 OT Grabsleben 99869 Drei Gleichen &nbsp; Telefon: +49 173 85 16 028 E-Mail: &#097;&#110;&#100;&#114;&#101;&#097;&#115;&#046;&#107;&#111;&#114;&#110;&#064;&#109;&#101;&#116;&#097;&#108;&#108;&#098;&#101;&#097;&#114;&#098;&#101;&#105;&#116;&#117;&#110;&#103;&#045;&#107;&#111;&#114;&#110;&#046;&#100;&#101; &nbsp; <a href=\"https:\/\/metallbearbeitung-korn.de\/\">Read more &rarr;<\/a><\/p>\n","protected":false},"author":1,"featured_media":0,"parent":0,"menu_order":0,"comment_status":"closed","ping_status":"open","template":"","meta":{"footnotes":""},"class_list":["post-2","page","type-page","status-publish","hentry","xfolkentry"],"_links":{"self":[{"href":"https:\/\/metallbearbeitung-korn.de\/index.php\/wp-json\/wp\/v2\/pages\/2","targetHints":{"allow":["GET"]}}],"collection":[{"href":"https:\/\/metallbearbeitung-korn.de\/index.php\/wp-json\/wp\/v2\/pages"}],"about":[{"href":"https:\/\/metallbearbeitung-korn.de\/index.php\/wp-json\/wp\/v2\/types\/page"}],"author":[{"embeddable":true,"href":"https:\/\/metallbearbeitung-korn.de\/index.php\/wp-json\/wp\/v2\/users\/1"}],"replies":[{"embeddable":true,"href":"https:\/\/metallbearbeitung-korn.de\/index.php\/wp-json\/wp\/v2\/comments?post=2"}],"version-history":[{"count":6,"href":"https:\/\/metallbearbeitung-korn.de\/index.php\/wp-json\/wp\/v2\/pages\/2\/revisions"}],"predecessor-version":[{"id":10,"href":"https:\/\/metallbearbeitung-korn.de\/index.php\/wp-json\/wp\/v2\/pages\/2\/revisions\/10"}],"wp:attachment":[{"href":"https:\/\/metallbearbeitung-korn.de\/index.php\/wp-json\/wp\/v2\/media?parent=2"}],"curies":[{"name":"wp","href":"https:\/\/api.w.org\/{rel}","templated":true}]}}